{"id":76,"date":"2024-11-08T10:38:52","date_gmt":"2024-11-08T09:38:52","guid":{"rendered":"\/?page_id=76"},"modified":"2025-09-25T22:17:14","modified_gmt":"2025-09-25T20:17:14","slug":"aktuelles","status":"publish","type":"page","link":"\/?page_id=76","title":{"rendered":"Aktuelles"},"content":{"rendered":"\n<div class=\"wp-block-group is-nowrap is-layout-flex wp-container-core-group-is-layout-ad2f72ca wp-block-group-is-layout-flex\">\n<div class=\"wp-block-group is-nowrap is-layout-flex wp-container-core-group-is-layout-ad2f72ca wp-block-group-is-layout-flex\">\n<div class=\"wp-block-group is-vertical is-layout-flex wp-container-core-group-is-layout-8cf370e7 wp-block-group-is-layout-flex\">\n<p><strong>Herbst im Weingut Reck<\/strong><\/p>\n\n\n\n<p>Die Weinberge leuchten in goldenen Farben, und die Tage der Weinlese sind in vollem Gange. Jetzt bringen wir die Fr\u00fcchte eines ganzen Jahres Arbeit in den Keller. Die Trauben von bester Qualit\u00e4t sind die Grundlage f\u00fcr unseren neuen Jahrgang.<\/p>\n\n\n\n<p>Der Herbst ist eine Zeit des Genusses und der Erntefreude. W\u00e4hrend drau\u00dfen die Natur zur Ruhe kommt, laden unsere Weine dazu ein, die besonderen Momente dieser Jahreszeit zu begleiten \u2013 ob bei einem gem\u00fctlichen Abend zu Hause oder beim Besuch in unserem Weingut.<\/p>\n\n\n\n<p><a href=\"\/?page_id=128\">Kontaktieren<\/a>&nbsp;Sie uns, wir vereinbaren gerne einen Termin f\u00fcr eine&nbsp;<a href=\"\/?page_id=167\">Weinprobe<\/a>&nbsp;mit Ihnen.&nbsp;Wir freuen uns auf Sie!<\/p>\n<\/div>\n<\/div>\n<\/div>\n\n\n\n<figure class=\"wp-block-image size-large\"><img loading=\"lazy\" decoding=\"async\" width=\"2351\" height=\"1567\" src=\"\/wp-content\/uploads\/2025\/07\/MG_8143-1-edited.jpg\" alt=\"\" class=\"wp-image-473\" srcset=\"\/wp-content\/uploads\/2025\/07\/MG_8143-1-edited.jpg 2351w, \/wp-content\/uploads\/2025\/07\/MG_8143-1-edited-300x200.jpg 300w, \/wp-content\/uploads\/2025\/07\/MG_8143-1-edited-1024x683.jpg 1024w, \/wp-content\/uploads\/2025\/07\/MG_8143-1-edited-768x512.jpg 768w, \/wp-content\/uploads\/2025\/07\/MG_8143-1-edited-1536x1024.jpg 1536w, \/wp-content\/uploads\/2025\/07\/MG_8143-1-edited-2048x1365.jpg 2048w\" sizes=\"auto, (max-width: 2351px) 100vw, 2351px\" \/><\/figure>\n\n\n\n<h2 class=\"wp-block-heading\">Unsere  Weine des Jahrgangs 2024<\/h2>\n\n\n\n<div class=\"wp-block-group\"><div class=\"wp-block-group__inner-container is-layout-constrained wp-block-group-is-layout-constrained\">\n<div class=\"wp-block-group\"><div class=\"wp-block-group__inner-container is-layout-constrained wp-block-group-is-layout-constrained\">\n<div class=\"wp-block-columns is-layout-flex wp-container-core-columns-is-layout-9d6595d7 wp-block-columns-is-layout-flex\">\n<div class=\"wp-block-column is-layout-flow wp-block-column-is-layout-flow\">\n<p><strong>2024 Blanc de Noir<\/strong><br>Ein selbstbewusster Solist f\u00fcr Genussmomente mit fruchtigem und zartem Aromenspiel<\/p>\n\n\n\n<p><strong>2024 Chardonnay feinherb<\/strong><br>Ein w\u00fcrziger und duftiger Chardonnay mit feinduftenden Fruchtaromen nach gelben Fr\u00fcchten.<\/p>\n\n\n\n<p><strong>2024 Riesling Alte Reben<\/strong><br>Elegante, tiefgr\u00fcndige Mineralit\u00e4t<\/p>\n<\/div>\n\n\n\n<div class=\"wp-block-column is-layout-flow wp-block-column-is-layout-flow\">\n<p><strong>2024 Prtugieser Rose<\/strong><br>spritzig, erfrischend, fruchtig<\/p>\n\n\n\n<p><strong>2024 M\u00fcller-Thurgau<\/strong><br>Der gr\u00fcne M\u00fcller<br>unbeschwert, pures vergn\u00fcgen, <br>frisch und finessenreich<br><\/p>\n<\/div>\n<\/div>\n<\/div><\/div>\n<\/div><\/div>\n\n\n\n<h2 class=\"wp-block-heading\">Unsere Angebote<\/h2>\n\n\n\n<p>Weine f\u00fcr Liebhaber \u2013 f\u00fcr Kenner \u2013 f\u00fcr Freunde \u2013 als Mitbringsel oder zum Selbsttrinken<\/p>\n\n\n\n<div class=\"wp-block-columns is-layout-flex wp-container-core-columns-is-layout-9d6595d7 wp-block-columns-is-layout-flex\">\n<div class=\"wp-block-column is-layout-flow wp-block-column-is-layout-flow\">\n<p><strong>2022 Dornfelder feinherb<\/strong><br>Harxheimer Schlossberg <br>samtige Aromen von roten Beeren<br><mark style=\"background-color:rgba(0, 0, 0, 0)\" class=\"has-inline-color has-theme-palette-2-color\">6 Flaschen \u00e1 0,75 l<\/mark> <mark style=\"background-color:rgba(0, 0, 0, 0)\" class=\"has-inline-color has-theme-palette-2-color\">&#8211; 31,60 \u20ac<\/mark><\/p>\n\n\n\n<p><strong>2024 Chardonnay feinherb<\/strong><br>feinduftende\u00a0 Fruchtaromen nach gelben Fr\u00fcchten<br><mark style=\"background-color:rgba(0, 0, 0, 0)\" class=\"has-inline-color has-theme-palette-2-color\">6 Flaschen <mark style=\"background-color:rgba(0, 0, 0, 0)\" class=\"has-inline-color has-theme-palette-2-color\">\u00e1 0,75 l<\/mark><\/mark> <mark style=\"background-color:rgba(0, 0, 0, 0)\" class=\"has-inline-color has-theme-palette-2-color\">&#8211; 31,60 \u20ac<\/mark><\/p>\n<\/div>\n\n\n\n<div class=\"wp-block-column is-layout-flow wp-block-column-is-layout-flow\">\n<p><strong>2023 Riesling feinherb<\/strong><br>elegant, mit einem Hauch S\u00fc\u00dfe<br><mark style=\"background-color:rgba(0, 0, 0, 0)\" class=\"has-inline-color has-theme-palette-2-color\">6 Flaschen <mark style=\"background-color:rgba(0, 0, 0, 0)\" class=\"has-inline-color has-theme-palette-2-color\">\u00e1 0,75 l<\/mark> <mark style=\"background-color:rgba(0, 0, 0, 0)\" class=\"has-inline-color has-theme-palette-2-color\">&#8211;<\/mark> 31,60 \u20ac<\/mark><\/p>\n\n\n\n<p><\/p>\n<\/div>\n<\/div>\n\n\n\n<p><\/p>\n","protected":false},"excerpt":{"rendered":"<p>Herbst im Weingut Reck Die Weinberge leuchten in goldenen Farben, und die Tage der Weinlese sind in vollem Gange. Jetzt bringen wir die Fr\u00fcchte eines ganzen Jahres Arbeit in den Keller. Die Trauben von bester Qualit\u00e4t sind die Grundlage f\u00fcr unseren neuen Jahrgang. Der Herbst ist eine Zeit des Genusses und der Erntefreude. W\u00e4hrend drau\u00dfen&#8230;<\/p>\n","protected":false},"author":1,"featured_media":0,"parent":0,"menu_order":0,"comment_status":"closed","ping_status":"closed","template":"","meta":{"_kad_post_transparent":"","_kad_post_title":"","_kad_post_layout":"","_kad_post_sidebar_id":"","_kad_post_content_style":"","_kad_post_vertical_padding":"","_kad_post_feature":"","_kad_post_feature_position":"","_kad_post_header":false,"_kad_post_footer":false,"footnotes":""},"class_list":["post-76","page","type-page","status-publish","hentry"],"_links":{"self":[{"href":"\/index.php?rest_route=\/wp\/v2\/pages\/76","targetHints":{"allow":["GET"]}}],"collection":[{"href":"\/index.php?rest_route=\/wp\/v2\/pages"}],"about":[{"href":"\/index.php?rest_route=\/wp\/v2\/types\/page"}],"author":[{"embeddable":true,"href":"\/index.php?rest_route=\/wp\/v2\/users\/1"}],"replies":[{"embeddable":true,"href":"\/index.php?rest_route=%2Fwp%2Fv2%2Fcomments&post=76"}],"version-history":[{"count":10,"href":"\/index.php?rest_route=\/wp\/v2\/pages\/76\/revisions"}],"predecessor-version":[{"id":555,"href":"\/index.php?rest_route=\/wp\/v2\/pages\/76\/revisions\/555"}],"wp:attachment":[{"href":"\/index.php?rest_route=%2Fwp%2Fv2%2Fmedia&parent=76"}],"curies":[{"name":"wp","href":"https:\/\/api.w.org\/{rel}","templated":true}]}}