{"id":44,"date":"2024-11-06T16:48:42","date_gmt":"2024-11-06T15:48:42","guid":{"rendered":"\/?page_id=44"},"modified":"2025-07-18T16:01:45","modified_gmt":"2025-07-18T14:01:45","slug":"willkommen-im-weingut-reck","status":"publish","type":"page","link":"\/","title":{"rendered":"Willkommen im Weingut Reck!"},"content":{"rendered":"\n<figure class=\"wp-block-image size-large is-resized\"><img loading=\"lazy\" decoding=\"async\" width=\"1024\" height=\"459\" src=\"http:\/\/reckwein.de\/wp-content\/uploads\/2024\/11\/Startseitenbilder_Slider_neu_Wide_2681x1200_72dpi_7_1920x1920-1024x459.png\" alt=\"\" class=\"wp-image-9\" style=\"width:849px;height:auto\" srcset=\"\/wp-content\/uploads\/2024\/11\/Startseitenbilder_Slider_neu_Wide_2681x1200_72dpi_7_1920x1920-1024x459.png 1024w, \/wp-content\/uploads\/2024\/11\/Startseitenbilder_Slider_neu_Wide_2681x1200_72dpi_7_1920x1920-300x134.png 300w, \/wp-content\/uploads\/2024\/11\/Startseitenbilder_Slider_neu_Wide_2681x1200_72dpi_7_1920x1920-768x344.png 768w, \/wp-content\/uploads\/2024\/11\/Startseitenbilder_Slider_neu_Wide_2681x1200_72dpi_7_1920x1920-1536x688.png 1536w, \/wp-content\/uploads\/2024\/11\/Startseitenbilder_Slider_neu_Wide_2681x1200_72dpi_7_1920x1920.png 1920w\" sizes=\"auto, (max-width: 1024px) 100vw, 1024px\" \/><\/figure>\n\n\n\n<p>Herzlich willkommen auf der digitalen Heimat von Weingut Reck, einem kleinen Familienweingut mit gro\u00dfer Leidenschaft f\u00fcr exzellente Weine. Tauchen Sie ein in unsere Welt des Genusses, der Tradition und der famili\u00e4ren Gastfreundschaft.<\/p>\n\n\n\n<p><strong>Suchen Sie sich auf der <a href=\"\/wp-content\/uploads\/2025\/04\/Weinliste.pdf\" target=\"_blank\" rel=\"noreferrer noopener\">Weinpreisliste <\/a>&nbsp;Ihre Lieblingsweine aus. Wir liefern Ihnen bequem per DHL Ihre Weine nach Hause. Bestellungen nehmen wir gerne unter Tel. Nr.: 06138-1224 oder per <a href=\"mailto:klaus.reck@weingut-reck.de\">E-Mail<\/a>&nbsp;entgegen. Wir freuen uns darauf, von Ihnen zu h\u00f6ren.<\/strong><\/p>\n\n\n\n<p>Wir laden Sie herzlich ein, nicht nur unsere Weine, sondern auch die famili\u00e4re Atmosph\u00e4re unseres Weinguts pers\u00f6nlich zu erleben. Bei Ihrem Weineinkauf ist eine Verkostung sebstverst\u00e4ndlich oder vereinbaren Sie eine gem\u00fctliche <a href=\"\/?page_id=167\">Weinprobe<\/a>. Wir freuen uns darauf, Sie in unserem Weingut willkommen zu hei\u00dfen!<\/p>\n\n\n\n<p>F\u00fcr Fragen, Bestellungen oder um mehr \u00fcber unser Weingut zu erfahren, stehen wir Ihnen gerne zur Verf\u00fcgung. Kontaktieren Sie uns per&nbsp;<a href=\"\/?page_id=128\">E-Mail oder Telefon<\/a>. Wir freuen uns darauf, von Ihnen zu h\u00f6ren.<\/p>\n\n\n\n<p>Ihre Familie Reck<\/p>\n\n\n\n<h2 class=\"wp-block-heading\">Unsere Weine<\/h2>\n\n\n\n<hr class=\"wp-block-separator has-alpha-channel-opacity\"\/>\n\n\n\n<p>Bei uns finden Sie neben Rot- und Wei\u00dfwein auch Ros\u00e9wein und Prickelndes. Ein Besuch lohnt sich!\u00a0\u00a0Unsere\u00a0<a href=\"\/wp-content\/uploads\/2025\/07\/Weinpreisliste-05-25.pdf\" target=\"_blank\" rel=\"noreferrer noopener\">Weinliste<\/a>\u00a0gibt Ihnen einen \u00dcberblick \u00fcber das aktuelle Sortiment.<\/p>\n\n\n\n<div class=\"wp-block-group is-layout-grid wp-container-core-group-is-layout-9649a0d9 wp-block-group-is-layout-grid\">\n<figure class=\"wp-block-image size-large\"><a href=\"\/wp-content\/uploads\/2025\/07\/Weinpreisliste-05-25.pdf\" target=\"_blank\" rel=\"noreferrer noopener\"><img loading=\"lazy\" decoding=\"async\" width=\"1024\" height=\"1024\" src=\"http:\/\/reckwein.de\/wp-content\/uploads\/2024\/11\/Download_Weinliste-1024x1024.png\" alt=\"\" class=\"wp-image-59\" srcset=\"\/wp-content\/uploads\/2024\/11\/Download_Weinliste-1024x1024.png 1024w, \/wp-content\/uploads\/2024\/11\/Download_Weinliste-300x300.png 300w, \/wp-content\/uploads\/2024\/11\/Download_Weinliste-150x150.png 150w, \/wp-content\/uploads\/2024\/11\/Download_Weinliste-768x768.png 768w, \/wp-content\/uploads\/2024\/11\/Download_Weinliste-1536x1536.png 1536w, \/wp-content\/uploads\/2024\/11\/Download_Weinliste-2048x2048.png 2048w\" sizes=\"auto, (max-width: 1024px) 100vw, 1024px\" \/><\/a><\/figure>\n<\/div>\n\n\n\n<p><a href=\"https:\/\/weingut-reck.de\/Service\/aktuelle-Weinliste-zum-Download\/\"><\/a><\/p>\n\n\n\n<h2 class=\"wp-block-heading\">Erleben Sie unser Weingut pers\u00f6nlich!<\/h2>\n\n\n\n<p><a href=\"https:\/\/www.weingut-reck.de\/Aktuelles\/\"><\/a><\/p>\n\n\n\n<div class=\"wp-block-columns is-layout-flex wp-container-core-columns-is-layout-9d6595d7 wp-block-columns-is-layout-flex\">\n<div class=\"wp-block-column is-layout-flow wp-block-column-is-layout-flow\" style=\"flex-basis:100%\">\n<div class=\"wp-block-group is-layout-grid wp-container-core-group-is-layout-9649a0d9 wp-block-group-is-layout-grid\">\n<figure class=\"wp-block-image size-full\"><a href=\"\/?page_id=167\"><img loading=\"lazy\" decoding=\"async\" width=\"450\" height=\"450\" src=\"http:\/\/reckwein.de\/wp-content\/uploads\/2024\/11\/big-WEINPROBEN.png\" alt=\"\" class=\"wp-image-58\" srcset=\"\/wp-content\/uploads\/2024\/11\/big-WEINPROBEN.png 450w, \/wp-content\/uploads\/2024\/11\/big-WEINPROBEN-300x300.png 300w, \/wp-content\/uploads\/2024\/11\/big-WEINPROBEN-150x150.png 150w\" sizes=\"auto, (max-width: 450px) 100vw, 450px\" \/><\/a><\/figure>\n\n\n\n<figure class=\"wp-block-image size-full\"><a href=\"\/?page_id=76\"><img loading=\"lazy\" decoding=\"async\" width=\"450\" height=\"450\" src=\"http:\/\/reckwein.de\/wp-content\/uploads\/2024\/11\/big-AKTUELLES.png\" alt=\"\" class=\"wp-image-57\" srcset=\"\/wp-content\/uploads\/2024\/11\/big-AKTUELLES.png 450w, \/wp-content\/uploads\/2024\/11\/big-AKTUELLES-300x300.png 300w, \/wp-content\/uploads\/2024\/11\/big-AKTUELLES-150x150.png 150w\" sizes=\"auto, (max-width: 450px) 100vw, 450px\" \/><\/a><\/figure>\n\n\n\n<figure class=\"wp-block-image size-large\"><a href=\"\/?page_id=140\"><img loading=\"lazy\" decoding=\"async\" width=\"1024\" height=\"1024\" src=\"http:\/\/reckwein.de\/wp-content\/uploads\/2024\/11\/Ueber_uns-1024x1024.png\" alt=\"\" class=\"wp-image-60\" srcset=\"\/wp-content\/uploads\/2024\/11\/Ueber_uns-1024x1024.png 1024w, \/wp-content\/uploads\/2024\/11\/Ueber_uns-300x300.png 300w, \/wp-content\/uploads\/2024\/11\/Ueber_uns-150x150.png 150w, \/wp-content\/uploads\/2024\/11\/Ueber_uns-768x768.png 768w, \/wp-content\/uploads\/2024\/11\/Ueber_uns-1536x1536.png 1536w, \/wp-content\/uploads\/2024\/11\/Ueber_uns-2048x2048.png 2048w\" sizes=\"auto, (max-width: 1024px) 100vw, 1024px\" \/><\/a><\/figure>\n<\/div>\n<\/div>\n<\/div>\n\n\n\n<p><a href=\"https:\/\/www.weingut-reck.de\/Aktuelles\/\"><\/a><\/p>\n\n\n\n<p><a href=\"https:\/\/www.weingut-reck.de\/UEber-uns\/\"><\/a><\/p>\n\n\n\n<p><a href=\"https:\/\/www.weingut-reck.de\/UEber-uns\/\"><\/a><\/p>\n\n\n\n<h2 class=\"wp-block-heading\">Unser Engagement f\u00fcr nachhaltige Pflege von Kultur und Landschaftsr\u00e4umen!<\/h2>\n\n\n\n<hr class=\"wp-block-separator has-alpha-channel-opacity\"\/>\n\n\n\n<ul class=\"wp-block-list\">\n<li>Bl\u00fchende Begr\u00fcnung f\u00fcr Bienen, Artenvielfalt und Schutzr\u00e4ume f\u00fcr Tiere<\/li>\n\n\n\n<li>Winterbegr\u00fcnung mit humusbildenden Pflanzen und Erosionsschutz<\/li>\n\n\n\n<li>Pflanzenschutz nur so viel wie n\u00f6tig und so wenig wie m\u00f6glich<\/li>\n\n\n\n<li>weitgehender Verzicht auf Herbizide durch&nbsp;<a href=\"\/?page_id=220\">maschinelle Bodenbearbeitung<\/a><\/li>\n<\/ul>\n\n\n\n<p><a href=\"\/?page_id=128\">Sprechen Sie uns an<\/a>, wir beantworten gerne Ihre Fragen!<\/p>\n","protected":false},"excerpt":{"rendered":"<p>Herzlich willkommen auf der digitalen Heimat von Weingut Reck, einem kleinen Familienweingut mit gro\u00dfer Leidenschaft f\u00fcr exzellente Weine. Tauchen Sie ein in unsere Welt des Genusses, der Tradition und der famili\u00e4ren Gastfreundschaft. Suchen Sie sich auf der Weinpreisliste &nbsp;Ihre Lieblingsweine aus. Wir liefern Ihnen bequem per DHL Ihre Weine nach Hause. Bestellungen nehmen wir gerne&#8230;<\/p>\n","protected":false},"author":1,"featured_media":0,"parent":0,"menu_order":0,"comment_status":"closed","ping_status":"closed","template":"","meta":{"_kad_post_transparent":"","_kad_post_title":"","_kad_post_layout":"","_kad_post_sidebar_id":"","_kad_post_content_style":"","_kad_post_vertical_padding":"","_kad_post_feature":"","_kad_post_feature_position":"","_kad_post_header":false,"_kad_post_footer":false,"footnotes":""},"class_list":["post-44","page","type-page","status-publish","hentry"],"_links":{"self":[{"href":"\/index.php?rest_route=\/wp\/v2\/pages\/44","targetHints":{"allow":["GET"]}}],"collection":[{"href":"\/index.php?rest_route=\/wp\/v2\/pages"}],"about":[{"href":"\/index.php?rest_route=\/wp\/v2\/types\/page"}],"author":[{"embeddable":true,"href":"\/index.php?rest_route=\/wp\/v2\/users\/1"}],"replies":[{"embeddable":true,"href":"\/index.php?rest_route=%2Fwp%2Fv2%2Fcomments&post=44"}],"version-history":[{"count":10,"href":"\/index.php?rest_route=\/wp\/v2\/pages\/44\/revisions"}],"predecessor-version":[{"id":541,"href":"\/index.php?rest_route=\/wp\/v2\/pages\/44\/revisions\/541"}],"wp:attachment":[{"href":"\/index.php?rest_route=%2Fwp%2Fv2%2Fmedia&parent=44"}],"curies":[{"name":"wp","href":"https:\/\/api.w.org\/{rel}","templated":true}]}}