{"id":217,"date":"2024-11-13T15:41:00","date_gmt":"2024-11-13T14:41:00","guid":{"rendered":"\/?page_id=217"},"modified":"2024-11-13T15:44:23","modified_gmt":"2024-11-13T14:44:23","slug":"217-2","status":"publish","type":"page","link":"\/?page_id=217","title":{"rendered":"Bodenarten"},"content":{"rendered":"<div class=\"cms-section  pos-0 cms-section-default\">\n<div class=\"cms-section-default boxed\">\n<div class=\"cms-block  pos-0 cms-block-image-text\">\n<div class=\"cms-block-container\">\n<div class=\"cms-block-container-row row cms-row \">\n<div class=\"col-md-6\" data-cms-element-id=\"532ee3e2c7594f039e7f09029901d1d0\">\n<div class=\"cms-element-text\">\n<div><\/div>\n<p><img loading=\"lazy\" decoding=\"async\" class=\"alignleft wp-image-169 size-full\" src=\"http:\/\/reckwein.de\/wp-content\/uploads\/2024\/11\/Weinproben_Wanderung_1920x1920.png\" alt=\"\" width=\"640\" height=\"260\" srcset=\"\/wp-content\/uploads\/2024\/11\/Weinproben_Wanderung_1920x1920.png 640w, \/wp-content\/uploads\/2024\/11\/Weinproben_Wanderung_1920x1920-300x122.png 300w\" sizes=\"auto, (max-width: 640px) 100vw, 640px\" \/>In der sanften H\u00fcgellandschaft von Mommenheim und Harxheim arbeiten wir im Einklang mit der Natur.<\/p>\n<p>Wir haben hier die verschiedenen Bodenarten, die es zu ber\u00fccksichtigen gibt.<\/p>\n<p>Unsere Weine resultieren aus gesunden und reifen Trauben, die einen gesunden und abwechslungsreichen Boden voraussetzen.<\/p>\n<p>&nbsp;<\/p>\n<\/div>\n<\/div>\n<\/div>\n<\/div>\n<\/div>\n<\/div>\n<\/div>\n<div class=\"cms-section  pos-1 cms-section-default\">\n<div class=\"cms-section-default boxed\">\n<div class=\"cms-block  pos-0 cms-block-text\">\n<div class=\"cms-block-container\">\n<div class=\"cms-block-container-row row cms-row \">\n<div class=\"col-12\" data-cms-element-id=\"9f774e752ea54107b6a21bfb57da1f85\">\n<div class=\"cms-element-text\">\n<h2>L\u00f6\u00dfsand<\/h2>\n<div>Dieser L\u00f6\u00dfboden ist mit Feinsand durchmischt, der vom Wind abgelagert wurde. Er ist sehr carbonat- und n\u00e4hrstoffreich, gut durchl\u00fcftet und f\u00fcr die Reben leicht durchwurzelbar. Eine hohe Wasserspeicherf\u00e4higkeit und die Tiefgr\u00fcndigkeit bringt eine optimale Auspr\u00e4gung der Weinaromen.<\/div>\n<div><\/div>\n<h2>L\u00f6\u00df<\/h2>\n<div>Dieser Boden aus Schluff mit gelblicher F\u00e4rbung besteht aus feinsten Quarzk\u00f6rnchen. Auch der L\u00f6\u00df hat die g\u00fcnstigen Eigenschaften der guten Durchl\u00fcftung und leichten Durchwurzelbarkeit. Das hohe Speicherverm\u00f6gen pflanzenverf\u00fcgbaren Wassers ist gerade in den letzten extrem trockenen Jahren sehr vorteilhaft. Der Kalkanteil im Boden sorgt f\u00fcr eine harmonische S\u00e4ure.<\/div>\n<div><\/div>\n<h2>Tonmergel<\/h2>\n<div>Dieser Tonboden aus kalkreichem Meeressediment ist sehr dicht, lagert tief an den Wurzeln der Rebst\u00f6cke und ist kaum wasserdurchl\u00e4ssig. In der Trockenheit im Sommer sieht man immer wieder gro\u00dfe Risse im Boden. Er \u00fcberzeugt durch sein hohes Mineralpotential.<\/div>\n<div><\/div>\n<h2>Kalkmergel<\/h2>\n<div>Aus dem subtropischen Meer im Mainzer Becken vor ca. 25 Millionen entsteht dieser Boden aus Meeresablagerungen. Der Kalkmergel besteht aus kalkreichen Tonen und Sanden und ist mit kalkhaltigen Bruchst\u00fcckern durchsetzt. Auch er ist Carbonat- und n\u00e4hrstoffreich mit g\u00fcnstigem Wasserhaushalt. Gerade Rieslinge gibt er intensive Frucht und ein feines S\u00e4urespiel mit auf den Weg.<\/div>\n<div><\/div>\n<h2>Schwarzerde auf Muschelkalk<\/h2>\n<div>Die Schwarzerde ist ein nacheiszeitlicher Steppenboden aus L\u00f6\u00df mit einem sehr g\u00fcnstigen Wasser- und Lufthaushalt. Er ist rasch erw\u00e4rmbar und biologisch sehr aktiv. Damit k\u00f6nnen die Reben sich sehr gut entwickeln. Der fossilf\u00fchrende Kalkboden mit guter Wassernachlieferung bringt Weine mit erfrischender S\u00e4ure hervor.<\/div>\n<\/div>\n<\/div>\n<\/div>\n<\/div>\n<\/div>\n<\/div>\n<\/div>\n","protected":false},"excerpt":{"rendered":"<p>In der sanften H\u00fcgellandschaft von Mommenheim und Harxheim arbeiten wir im Einklang mit der Natur. Wir haben hier die verschiedenen Bodenarten, die es zu ber\u00fccksichtigen gibt. Unsere Weine resultieren aus gesunden und reifen Trauben, die einen gesunden und abwechslungsreichen Boden voraussetzen. &nbsp; L\u00f6\u00dfsand Dieser L\u00f6\u00dfboden ist mit Feinsand durchmischt, der vom Wind abgelagert wurde. Er&#8230;<\/p>\n","protected":false},"author":1,"featured_media":0,"parent":0,"menu_order":0,"comment_status":"closed","ping_status":"closed","template":"","meta":{"_kad_post_transparent":"","_kad_post_title":"","_kad_post_layout":"","_kad_post_sidebar_id":"","_kad_post_content_style":"","_kad_post_vertical_padding":"","_kad_post_feature":"","_kad_post_feature_position":"","_kad_post_header":false,"_kad_post_footer":false,"footnotes":""},"class_list":["post-217","page","type-page","status-publish","hentry"],"_links":{"self":[{"href":"\/index.php?rest_route=\/wp\/v2\/pages\/217","targetHints":{"allow":["GET"]}}],"collection":[{"href":"\/index.php?rest_route=\/wp\/v2\/pages"}],"about":[{"href":"\/index.php?rest_route=\/wp\/v2\/types\/page"}],"author":[{"embeddable":true,"href":"\/index.php?rest_route=\/wp\/v2\/users\/1"}],"replies":[{"embeddable":true,"href":"\/index.php?rest_route=%2Fwp%2Fv2%2Fcomments&post=217"}],"version-history":[{"count":2,"href":"\/index.php?rest_route=\/wp\/v2\/pages\/217\/revisions"}],"predecessor-version":[{"id":223,"href":"\/index.php?rest_route=\/wp\/v2\/pages\/217\/revisions\/223"}],"wp:attachment":[{"href":"\/index.php?rest_route=%2Fwp%2Fv2%2Fmedia&parent=217"}],"curies":[{"name":"wp","href":"https:\/\/api.w.org\/{rel}","templated":true}]}}