{"id":167,"date":"2024-11-13T14:57:00","date_gmt":"2024-11-13T13:57:00","guid":{"rendered":"\/?page_id=167"},"modified":"2024-11-13T15:14:58","modified_gmt":"2024-11-13T14:14:58","slug":"weinproben","status":"publish","type":"page","link":"\/?page_id=167","title":{"rendered":"Weinproben"},"content":{"rendered":"\n<h1 class=\"wp-block-heading has-text-align-center\">Das Weingut Reck erleben!<\/h1>\n\n\n\n<p class=\"has-text-align-center\">Wir laden Sie ein uns und unsere Weine ganz pers\u00f6nlich kennen zu lernen.<\/p>\n\n\n\n<p class=\"has-text-align-center\">Probieren Sie unsere Weine inmitten unserer Weinberge oder in unserem Winzerhof zu kulinarische K\u00f6stlichkeiten.<\/p>\n\n\n\n<p class=\"has-text-align-center\">Verbringen Sie sch\u00f6ne Stunden in fr\u00f6hlicher Runde in unserem Weingut \u2013 Weinproben f\u00fcr kleine Gruppen ganz individuell!<\/p>\n\n\n\n<div class=\"wp-block-group alignwide is-layout-grid wp-container-core-group-is-layout-1dcf4753 wp-block-group-is-layout-grid\">\n<figure class=\"wp-block-image size-full\"><img loading=\"lazy\" decoding=\"async\" width=\"310\" height=\"340\" src=\"http:\/\/reckwein.de\/wp-content\/uploads\/2024\/11\/Weinproben_Gestaltung_Header_310x340_Trauben_weiss_1920x1920.png\" alt=\"\" class=\"wp-image-176\" srcset=\"\/wp-content\/uploads\/2024\/11\/Weinproben_Gestaltung_Header_310x340_Trauben_weiss_1920x1920.png 310w, \/wp-content\/uploads\/2024\/11\/Weinproben_Gestaltung_Header_310x340_Trauben_weiss_1920x1920-274x300.png 274w\" sizes=\"auto, (max-width: 310px) 100vw, 310px\" \/><\/figure>\n\n\n\n<figure class=\"wp-block-image size-full\"><img loading=\"lazy\" decoding=\"async\" width=\"310\" height=\"340\" src=\"http:\/\/reckwein.de\/wp-content\/uploads\/2024\/11\/Weinproben_Gestaltung_Header_310x340_Glas_1920x1920.png\" alt=\"\" class=\"wp-image-175\" srcset=\"\/wp-content\/uploads\/2024\/11\/Weinproben_Gestaltung_Header_310x340_Glas_1920x1920.png 310w, \/wp-content\/uploads\/2024\/11\/Weinproben_Gestaltung_Header_310x340_Glas_1920x1920-274x300.png 274w\" sizes=\"auto, (max-width: 310px) 100vw, 310px\" \/><\/figure>\n\n\n\n<figure class=\"wp-block-image size-full\"><img loading=\"lazy\" decoding=\"async\" width=\"310\" height=\"340\" src=\"http:\/\/reckwein.de\/wp-content\/uploads\/2024\/11\/Weinproben_Gestaltung_Header_310x340_Klaus_Reck_1920x1920.png\" alt=\"\" class=\"wp-image-174\" srcset=\"\/wp-content\/uploads\/2024\/11\/Weinproben_Gestaltung_Header_310x340_Klaus_Reck_1920x1920.png 310w, \/wp-content\/uploads\/2024\/11\/Weinproben_Gestaltung_Header_310x340_Klaus_Reck_1920x1920-274x300.png 274w\" sizes=\"auto, (max-width: 310px) 100vw, 310px\" \/><\/figure>\n\n\n\n<figure class=\"wp-block-image size-full\"><img loading=\"lazy\" decoding=\"async\" width=\"310\" height=\"340\" src=\"http:\/\/reckwein.de\/wp-content\/uploads\/2024\/11\/Weinproben_Gestaltung_Header_310x340_Trauben_blau_1920x1920.png\" alt=\"\" class=\"wp-image-173\" srcset=\"\/wp-content\/uploads\/2024\/11\/Weinproben_Gestaltung_Header_310x340_Trauben_blau_1920x1920.png 310w, \/wp-content\/uploads\/2024\/11\/Weinproben_Gestaltung_Header_310x340_Trauben_blau_1920x1920-274x300.png 274w\" sizes=\"auto, (max-width: 310px) 100vw, 310px\" \/><\/figure>\n<\/div>\n\n\n\n<div class=\"wp-block-group is-layout-grid wp-container-core-group-is-layout-0d2894fd wp-block-group-is-layout-grid\">\n<hr class=\"wp-block-separator has-alpha-channel-opacity is-style-wide\"\/>\n\n\n\n<div class=\"col-md-6\" data-cms-element-id=\"e8b0c79b355044c2943b1fa0f0260ddf\">\n<div class=\"cms-element-text\">\n<h2><img loading=\"lazy\" decoding=\"async\" class=\"size-medium wp-image-172 alignleft\" src=\"http:\/\/reckwein.de\/wp-content\/uploads\/2024\/11\/Weinproben_Kaese_1920x1920-300x122.png\" alt=\"\" width=\"300\" height=\"122\" srcset=\"\/wp-content\/uploads\/2024\/11\/Weinproben_Kaese_1920x1920-300x122.png 300w, \/wp-content\/uploads\/2024\/11\/Weinproben_Kaese_1920x1920.png 640w\" sizes=\"auto, (max-width: 300px) 100vw, 300px\" \/>K\u00e4se &amp; Wein<\/h2>\n<h3>f\u00fcr 8 &#8211; 16 Personen<\/h3>\n<p>F\u00fcnf kleine kulinarische K\u00e4segerichte aus Ziegen-, Schafs- und Kuhmilch mit je zwei korrespondierenden Weinen und vielen Informationen rund ums Thema Wein ganz pers\u00f6nlich von Ihrem Winzer.<\/p>\n<\/div>\n<\/div>\n\n\n\n<hr class=\"wp-block-separator has-alpha-channel-opacity is-style-wide\"\/>\n\n\n\n<div class=\"col-md-6\" data-cms-element-id=\"e8b0c79b355044c2943b1fa0f0260ddf\">\n<div class=\"cms-element-text\">\n<div class=\"col-md-6\" data-cms-element-id=\"9c2b73aedb48402ca798b4bd8d51f837\">\n<div class=\"cms-element-text\">\n<h2><img loading=\"lazy\" decoding=\"async\" class=\"size-medium wp-image-171 alignright\" src=\"http:\/\/reckwein.de\/wp-content\/uploads\/2024\/11\/Weinproben_Weinprobe_1920x1920-300x122.png\" alt=\"\" width=\"300\" height=\"122\" srcset=\"\/wp-content\/uploads\/2024\/11\/Weinproben_Weinprobe_1920x1920-300x122.png 300w, \/wp-content\/uploads\/2024\/11\/Weinproben_Weinprobe_1920x1920.png 640w\" sizes=\"auto, (max-width: 300px) 100vw, 300px\" \/>Kulinarisch, genussvolle Weinprobe<\/h2>\n<h3>f\u00fcr 8 &#8211; 16 Personen<\/h3>\n<p>Ein herzhaftes Men\u00fc mit frischen Zutaten, liebevoll in unserer K\u00fcche zubereitet begleitet unsere Weine in der Vielfalt des Geschmacks.<\/p>\n<\/div>\n<\/div>\n<\/div>\n<\/div>\n\n\n\n<hr class=\"wp-block-separator has-alpha-channel-opacity is-style-wide\"\/>\n\n\n\n<div class=\"col-md-6\" data-cms-element-id=\"e8b0c79b355044c2943b1fa0f0260ddf\">\n<div class=\"cms-element-text\">\n<div class=\"col-md-6\" data-cms-element-id=\"9c2b73aedb48402ca798b4bd8d51f837\">\n<div class=\"cms-element-text\">\n<div class=\"col-md-6\" data-cms-element-id=\"3b662c85aff445699112ac9905510683\">\n<div class=\"cms-element-text\">\n<h2><img loading=\"lazy\" decoding=\"async\" class=\"size-medium wp-image-170 alignleft\" src=\"http:\/\/reckwein.de\/wp-content\/uploads\/2024\/11\/Weinproben_Schmankerl_1920x1920-300x122.png\" alt=\"\" width=\"300\" height=\"122\" srcset=\"\/wp-content\/uploads\/2024\/11\/Weinproben_Schmankerl_1920x1920-300x122.png 300w, \/wp-content\/uploads\/2024\/11\/Weinproben_Schmankerl_1920x1920.png 640w\" sizes=\"auto, (max-width: 300px) 100vw, 300px\" \/>Weinprobe mit kleinen Schmankerln<\/h2>\n<h3>f\u00fcr 4 &#8211; 16 Personen<\/h3>\n<p>Fingerfood, frisch zubereitet aus unserer Winzerk\u00fcche zum Wein und einer informativen Weinprobe in unserer Weinprobierstube.<\/p>\n<\/div>\n<\/div>\n<\/div>\n<\/div>\n<\/div>\n<\/div>\n\n\n\n<hr class=\"wp-block-separator has-alpha-channel-opacity is-style-wide\"\/>\n\n\n\n<div class=\"col-md-6\" data-cms-element-id=\"e8b0c79b355044c2943b1fa0f0260ddf\">\n<div class=\"cms-element-text\">\n<div class=\"col-md-6\" data-cms-element-id=\"9c2b73aedb48402ca798b4bd8d51f837\">\n<div class=\"cms-element-text\">\n<div class=\"col-md-6\" data-cms-element-id=\"3b662c85aff445699112ac9905510683\">\n<div class=\"cms-element-text\">\n<div class=\"col-md-6\" data-cms-element-id=\"daa497fdd2834e69a08ebe1cfafacaae\">\n<div class=\"cms-element-text\">\n<h2><img loading=\"lazy\" decoding=\"async\" class=\"size-medium wp-image-169 alignright\" src=\"http:\/\/reckwein.de\/wp-content\/uploads\/2024\/11\/Weinproben_Wanderung_1920x1920-300x122.png\" alt=\"\" width=\"300\" height=\"122\" srcset=\"\/wp-content\/uploads\/2024\/11\/Weinproben_Wanderung_1920x1920-300x122.png 300w, \/wp-content\/uploads\/2024\/11\/Weinproben_Wanderung_1920x1920.png 640w\" sizes=\"auto, (max-width: 300px) 100vw, 300px\" \/>Weinwandern<\/h2>\n<h3>ab 14 Personen<\/h3>\n<p>Mit dem Glas in der Hand geht\u2019s durch die Weinberge \u00fcber den Mommenheimer Osterberg.<\/p>\n<p>Hier vereinen sich Natur und Weingenuss!<\/p>\n<p>Anschlie\u00dfend w\u00e4hlen Sie zwischen Fingerfood und Men\u00fc.<\/p>\n<\/div>\n<\/div>\n<\/div>\n<\/div>\n<\/div>\n<\/div>\n<\/div>\n<\/div>\n\n\n\n<hr class=\"wp-block-separator has-alpha-channel-opacity is-style-wide\"\/>\n<\/div>\n\n\n<div class=\"cms-block  pos-0 cms-block-text-hero\">\n<div class=\"cms-block-container\">\n<div class=\"cms-block-container-row row cms-row \">\n<div class=\"col-12\" data-cms-element-id=\"a66b0db98e794dc3a1cbaa691095e365\">\n<div class=\"cms-element-text\">\n<h1 style=\"text-align: center;\">Unsere Weine bei Ihnen zu Hause!<\/h1>\n<p style=\"text-align: center;\">Wir kommen zu Ihnen und bringen unsere Weine mit. Sie sind Gastgeber und laden Weinliebhaber aus Familie und Freundeskreis ein.<\/p>\n<p style=\"text-align: center;\">Erleben Sie eine spannende Weinprobe mit viel Informativem rund um den Wein \u2013\u00a0im Garten oder auf der Terrasse. So wie es Ihnen gef\u00e4llt!<br \/>Passend zum Wein sind kleine Leckereien inklusive und die\u00a0Mindestteilnehmerzahl sind 14 Personen.<\/p>\n<p style=\"text-align: center;\"><a href=\"\/?page_id=128\" target=\"_self\" rel=\"noopener\">Fragen Sie uns!<\/a> Wir vereinbaren gerne einen Termin mit Ihnen.<\/p>\n<\/div>\n<\/div>\n<\/div>\n<\/div>\n<\/div>","protected":false},"excerpt":{"rendered":"<p>Das Weingut Reck erleben! Wir laden Sie ein uns und unsere Weine ganz pers\u00f6nlich kennen zu lernen. Probieren Sie unsere Weine inmitten unserer Weinberge oder in unserem Winzerhof zu kulinarische K\u00f6stlichkeiten. Verbringen Sie sch\u00f6ne Stunden in fr\u00f6hlicher Runde in unserem Weingut \u2013 Weinproben f\u00fcr kleine Gruppen ganz individuell! K\u00e4se &amp; Wein f\u00fcr 8 &#8211; 16&#8230;<\/p>\n","protected":false},"author":1,"featured_media":0,"parent":0,"menu_order":0,"comment_status":"closed","ping_status":"closed","template":"","meta":{"_kad_post_transparent":"","_kad_post_title":"","_kad_post_layout":"","_kad_post_sidebar_id":"","_kad_post_content_style":"","_kad_post_vertical_padding":"","_kad_post_feature":"","_kad_post_feature_position":"","_kad_post_header":false,"_kad_post_footer":false,"footnotes":""},"class_list":["post-167","page","type-page","status-publish","hentry"],"_links":{"self":[{"href":"\/index.php?rest_route=\/wp\/v2\/pages\/167","targetHints":{"allow":["GET"]}}],"collection":[{"href":"\/index.php?rest_route=\/wp\/v2\/pages"}],"about":[{"href":"\/index.php?rest_route=\/wp\/v2\/types\/page"}],"author":[{"embeddable":true,"href":"\/index.php?rest_route=\/wp\/v2\/users\/1"}],"replies":[{"embeddable":true,"href":"\/index.php?rest_route=%2Fwp%2Fv2%2Fcomments&post=167"}],"version-history":[{"count":12,"href":"\/index.php?rest_route=\/wp\/v2\/pages\/167\/revisions"}],"predecessor-version":[{"id":194,"href":"\/index.php?rest_route=\/wp\/v2\/pages\/167\/revisions\/194"}],"wp:attachment":[{"href":"\/index.php?rest_route=%2Fwp%2Fv2%2Fmedia&parent=167"}],"curies":[{"name":"wp","href":"https:\/\/api.w.org\/{rel}","templated":true}]}}