{"id":140,"date":"2024-11-08T12:14:35","date_gmt":"2024-11-08T11:14:35","guid":{"rendered":"\/?page_id=140"},"modified":"2024-11-26T09:44:05","modified_gmt":"2024-11-26T08:44:05","slug":"ueber-uns","status":"publish","type":"page","link":"\/?page_id=140","title":{"rendered":"\u00dcber uns"},"content":{"rendered":"<h1>Wein ist unser Leben!<\/h1>\n<div><img loading=\"lazy\" decoding=\"async\" class=\"size-medium wp-image-131 alignleft\" src=\"\/wp-content\/uploads\/2024\/11\/Neue-Bilder-Homepage-09-183-2_b_1920x1920-300x278.jpg\" alt=\"\" width=\"300\" height=\"278\" srcset=\"\/wp-content\/uploads\/2024\/11\/Neue-Bilder-Homepage-09-183-2_b_1920x1920-300x278.jpg 300w, \/wp-content\/uploads\/2024\/11\/Neue-Bilder-Homepage-09-183-2_b_1920x1920.jpg 733w\" sizes=\"auto, (max-width: 300px) 100vw, 300px\" \/>Unser kleines Familienweingut bewirtschaftet ca. 5 ha Rebfl\u00e4che in der sanften H\u00fcgellandschaft von Mommenheim und Harxheim.<\/div>\n<div><\/div>\n<div>Die Qualit\u00e4t unserer Weine f\u00e4ngt bei der Rebe im Weinberg an. So ist die Leidenschaft des Winzers die Arbeit im Weinberg. Im Einklang mit der Natur ist die Ernte von gesunden und reifen Trauben das sch\u00f6nste Geschenk f\u00fcr die aufwendige Pflege der Weinberge.<\/div>\n<div><\/div>\n<div>Die schonende Verarbeitung der Trauben und der sorgf\u00e4ltige, sortentypische Ausbau im Keller bringen Weine h\u00f6chster Qualit\u00e4t und Aromatik hervor.<\/div>\n<div>An dieser Begeisterung m\u00f6chten wir Sie nat\u00fcrlich teilhaben lassen.<\/div>\n<div><\/div>\n<div>Probieren Sie die Vielfalt unserer Weine bei einer\u00a0<a href=\"\/?page_id=167\" target=\"_self\" rel=\"noopener\">Weinprobe<\/a>\u00a0in der gem\u00fctlichen Weinprobierstube in unserem Weingut. Ein Anruf zur Terminabsprache gen\u00fcgt!<\/div>\n<div><\/div>\n<div>Erfreuen Sie sich an unserer\u00a0<a href=\"\/?page_id=203\" target=\"_self\" rel=\"noopener\">Weinauswahl<\/a>\u00a0und lassen Sie sich gern von uns beraten.<\/div>\n<div><\/div>\n<div>Wir freuen uns auf Sie.<\/div>\n<h2><\/h2>\n<h2>Weinproben<\/h2>\n<h3>Das Weingut erleben!<\/h3>\n<p><img loading=\"lazy\" decoding=\"async\" class=\"size-medium wp-image-130 alignright\" src=\"\/wp-content\/uploads\/2024\/11\/IMG_8036-2_1920x1920-300x200.jpg\" alt=\"\" width=\"300\" height=\"200\" srcset=\"\/wp-content\/uploads\/2024\/11\/IMG_8036-2_1920x1920-300x200.jpg 300w, \/wp-content\/uploads\/2024\/11\/IMG_8036-2_1920x1920-1024x683.jpg 1024w, \/wp-content\/uploads\/2024\/11\/IMG_8036-2_1920x1920-768x512.jpg 768w, \/wp-content\/uploads\/2024\/11\/IMG_8036-2_1920x1920-1536x1024.jpg 1536w, \/wp-content\/uploads\/2024\/11\/IMG_8036-2_1920x1920.jpg 1920w\" sizes=\"auto, (max-width: 300px) 100vw, 300px\" \/><\/p>\n<p>Wir laden Sie ein uns und unsere Weine ganz pers\u00f6nlich kennen zu lernen. Probieren Sie unsere Weine\u00a0inmitten unserer Weinberge oder in unserem Winzerhof zu kulinarische K\u00f6stlichkeiten.<\/p>\n<p>Verbringen Sie sch\u00f6ne Stunden in fr\u00f6hlicher Runde in unserem Weingut \u2013 Weinproben f\u00fcr kleine Gruppen ganz individuell!<\/p>\n<p><a href=\"\/?page_id=167\" target=\"_self\" rel=\"noopener\">Hier<\/a>\u00a0erfahren Sie mehr.<\/p>\n<h2><\/h2>\n<h2>Aktuelles<\/h2>\n<p><img loading=\"lazy\" decoding=\"async\" class=\"size-medium wp-image-147 alignnone\" src=\"\/wp-content\/uploads\/2024\/11\/Angebote-300x200.jpg\" alt=\"\" width=\"300\" height=\"200\" srcset=\"\/wp-content\/uploads\/2024\/11\/Angebote-300x200.jpg 300w, \/wp-content\/uploads\/2024\/11\/Angebote-1024x683.jpg 1024w, \/wp-content\/uploads\/2024\/11\/Angebote-768x512.jpg 768w, \/wp-content\/uploads\/2024\/11\/Angebote-1536x1024.jpg 1536w, \/wp-content\/uploads\/2024\/11\/Angebote-2048x1365.jpg 2048w\" sizes=\"auto, (max-width: 300px) 100vw, 300px\" \/><\/p>\n<p><strong>Wir informieren Sie \u00fcber kommende Weinproben, Sonderangebote oder neue Produkte und Weinpakete in unserem Weingut. Weinbestellungen gerne telefonisch oder per Email.<\/strong><\/p>\n<p>Schauen Sie\u00a0<a href=\"\/?page_id=76\" target=\"_self\" rel=\"noopener\">hier<\/a>\u00a0regelm\u00e4\u00dfig vorbei!<\/p>\n<h2><\/h2>\n<h2>Unser Engagement f\u00fcr nachhaltige Pflege von Kultur und Landschaftsr\u00e4umen!<\/h2>\n<p><img loading=\"lazy\" decoding=\"async\" class=\"size-medium wp-image-150 alignright\" src=\"\/wp-content\/uploads\/2024\/11\/Weinstoecke-300x225.jpg\" alt=\"\" width=\"300\" height=\"225\" srcset=\"\/wp-content\/uploads\/2024\/11\/Weinstoecke-300x225.jpg 300w, \/wp-content\/uploads\/2024\/11\/Weinstoecke-1024x768.jpg 1024w, \/wp-content\/uploads\/2024\/11\/Weinstoecke-768x576.jpg 768w, \/wp-content\/uploads\/2024\/11\/Weinstoecke-1536x1152.jpg 1536w, \/wp-content\/uploads\/2024\/11\/Weinstoecke.jpg 1920w\" sizes=\"auto, (max-width: 300px) 100vw, 300px\" \/><\/p>\n<ul>\n<li>Bl\u00fchende Begr\u00fcnung f\u00fcr Bienen, Artenvielfalt und Schutzr\u00e4ume f\u00fcr Tiere<\/li>\n<li>Winterbegr\u00fcnung mit humusbildenden Pflanzen und Erosionsschutz<\/li>\n<li>Pflanzenschutz nur so viel wie n\u00f6tig und so wenig wie m\u00f6glich<\/li>\n<li>weitgehender Verzicht auf Herbizide durch\u00a0<a href=\"\/?page_id=220\" target=\"_self\" rel=\"noopener\">maschinelle Bodenbearbeitung<\/a><\/li>\n<\/ul>\n<div><\/div>\n<p><a href=\"\/?page_id=128\" target=\"_self\" rel=\"noopener\">Sprechen<\/a>\u00a0Sie uns an, wir beantworten gerne Ihre Fragen!<\/p>\n<h2><\/h2>\n<h2>Unsere Bodenarten<\/h2>\n<h3>Wir arbeiten im Einklang mit der Natur.<\/h3>\n<p><img loading=\"lazy\" decoding=\"async\" class=\"size-medium wp-image-149 alignnone\" src=\"\/wp-content\/uploads\/2024\/11\/Ueber_uns_Bodenarten_1920x1920-300x225.jpg\" alt=\"\" width=\"300\" height=\"225\" srcset=\"\/wp-content\/uploads\/2024\/11\/Ueber_uns_Bodenarten_1920x1920-300x225.jpg 300w, \/wp-content\/uploads\/2024\/11\/Ueber_uns_Bodenarten_1920x1920-1024x768.jpg 1024w, \/wp-content\/uploads\/2024\/11\/Ueber_uns_Bodenarten_1920x1920-768x576.jpg 768w, \/wp-content\/uploads\/2024\/11\/Ueber_uns_Bodenarten_1920x1920-1536x1152.jpg 1536w, \/wp-content\/uploads\/2024\/11\/Ueber_uns_Bodenarten_1920x1920.jpg 1920w\" sizes=\"auto, (max-width: 300px) 100vw, 300px\" \/><\/p>\n<p>In unserem Weinanbaugebiet sind verschiedene Bodenarten vorhanden, die es zu ber\u00fccksichtigen gilt.<\/p>\n<p>Unsere Weine resultieren aus gesunden und reifen Trauben, die einen gesunden und abwechslungsreichen Boden voraussetzen.<\/p>\n<p>Lesen Sie\u00a0<a href=\"\/?page_id=217\" target=\"_self\" rel=\"noopener\">hier<\/a>\u00a0mehr dazu.<\/p>\n<h2><\/h2>\n<h2>R\u00f6mische Fundm\u00fcnze<\/h2>\n<div><img loading=\"lazy\" decoding=\"async\" class=\"size-medium wp-image-148 alignnone\" src=\"\/wp-content\/uploads\/2024\/11\/Muenze-Vorderseite_1920x1920-300x225.jpg\" alt=\"\" width=\"300\" height=\"225\" srcset=\"\/wp-content\/uploads\/2024\/11\/Muenze-Vorderseite_1920x1920-300x225.jpg 300w, \/wp-content\/uploads\/2024\/11\/Muenze-Vorderseite_1920x1920-768x576.jpg 768w, \/wp-content\/uploads\/2024\/11\/Muenze-Vorderseite_1920x1920.jpg 1024w\" sizes=\"auto, (max-width: 300px) 100vw, 300px\" \/><\/div>\n<h3>Alles rund um unsere r\u00f6mische Fundm\u00fcnze!<\/h3>\n<p>Erfahren Sie\u00a0<a href=\"\/?page_id=155\" target=\"_self\" rel=\"noopener\">hier<\/a>\u00a0alles Wissenswerte zu unserer Fundm\u00fcnze und schauen Sie sich auch Fotographien der M\u00fcnze an.<\/p>\n<div style=\"background-color: #c0c0c0;\">\n<h2 style=\"text-align: center;\">Wir sind Mitglied bei:<\/h2>\n<p><a href=\"https:\/\/www.wineinmoderation.eu\/de\/\" target=\"_blank\" rel=\"noopener\"><img loading=\"lazy\" decoding=\"async\" class=\"alignnone size-medium wp-image-75 aligncenter\" src=\"\/wp-content\/uploads\/2024\/11\/wineinmoderation_logo_de_1920x1920-300x73.png\" alt=\"\" width=\"300\" height=\"73\" srcset=\"\/wp-content\/uploads\/2024\/11\/wineinmoderation_logo_de_1920x1920-300x73.png 300w, \/wp-content\/uploads\/2024\/11\/wineinmoderation_logo_de_1920x1920-1024x250.png 1024w, \/wp-content\/uploads\/2024\/11\/wineinmoderation_logo_de_1920x1920-768x187.png 768w, \/wp-content\/uploads\/2024\/11\/wineinmoderation_logo_de_1920x1920-1536x374.png 1536w, \/wp-content\/uploads\/2024\/11\/wineinmoderation_logo_de_1920x1920.png 1920w\" sizes=\"auto, (max-width: 300px) 100vw, 300px\" \/><\/a><\/p>\n<\/div>\n","protected":false},"excerpt":{"rendered":"<p>Wein ist unser Leben! Unser kleines Familienweingut bewirtschaftet ca. 5 ha Rebfl\u00e4che in der sanften H\u00fcgellandschaft von Mommenheim und Harxheim. Die Qualit\u00e4t unserer Weine f\u00e4ngt bei der Rebe im Weinberg an. So ist die Leidenschaft des Winzers die Arbeit im Weinberg. Im Einklang mit der Natur ist die Ernte von gesunden und reifen Trauben das&#8230;<\/p>\n","protected":false},"author":1,"featured_media":0,"parent":0,"menu_order":0,"comment_status":"closed","ping_status":"closed","template":"","meta":{"_kad_post_transparent":"","_kad_post_title":"","_kad_post_layout":"","_kad_post_sidebar_id":"","_kad_post_content_style":"","_kad_post_vertical_padding":"","_kad_post_feature":"","_kad_post_feature_position":"","_kad_post_header":false,"_kad_post_footer":false,"footnotes":""},"class_list":["post-140","page","type-page","status-publish","hentry"],"_links":{"self":[{"href":"\/index.php?rest_route=\/wp\/v2\/pages\/140","targetHints":{"allow":["GET"]}}],"collection":[{"href":"\/index.php?rest_route=\/wp\/v2\/pages"}],"about":[{"href":"\/index.php?rest_route=\/wp\/v2\/types\/page"}],"author":[{"embeddable":true,"href":"\/index.php?rest_route=\/wp\/v2\/users\/1"}],"replies":[{"embeddable":true,"href":"\/index.php?rest_route=%2Fwp%2Fv2%2Fcomments&post=140"}],"version-history":[{"count":17,"href":"\/index.php?rest_route=\/wp\/v2\/pages\/140\/revisions"}],"predecessor-version":[{"id":332,"href":"\/index.php?rest_route=\/wp\/v2\/pages\/140\/revisions\/332"}],"wp:attachment":[{"href":"\/index.php?rest_route=%2Fwp%2Fv2%2Fmedia&parent=140"}],"curies":[{"name":"wp","href":"https:\/\/api.w.org\/{rel}","templated":true}]}}